{"id":72,"date":"2021-07-01T11:03:46","date_gmt":"2021-07-01T11:03:46","guid":{"rendered":"https:\/\/thegodsmusic.com\/store\/product\/pal-music-house-professional-two-piece-wooden-bongo-set-brown\/"},"modified":"2023-11-30T09:30:49","modified_gmt":"2023-11-30T09:30:49","slug":"pal-music-house-professional-two-piece-wooden-bongo-set-brown","status":"publish","type":"product","link":"https:\/\/thegodsmusic.com\/store\/product\/pal-music-house-professional-two-piece-wooden-bongo-set-brown\/","title":{"rendered":"PAL MUSIC HOUSE Professional Two Piece Wooden Bongo Set (Brown)"},"content":{"rendered":"<h4 class=\"a-size-base-plus a-text-bold\">About this item<\/h4>\n<ul class=\"a-unordered-list a-vertical a-spacing-mini\">\n<li><span class=\"a-list-item\">COLOR-BROWN<\/span><\/li>\n<li><span class=\"a-list-item\">Specially designed for the lovers of music lovers.<\/span><\/li>\n<li><span class=\"a-list-item\">THE PAL HOUSE Miniature Musical Instruments Series like; Sitar, Tabla, Santoor, Sarangi, Shehnai, Veena, Murali, Mrdangam, Kanjira (Khanjari), Harmonium, Bongo Drum Set, Miniature Musical Instruments Set, Decorative Showpieces, Home D\u00c3cor, Flute, Guitar, Music Set, Music Ornaments, Small Music Set, Kids Music Set, Home D\u00c3cor Music, Home D\u00c3cor Set, Music, Music Players.<\/span><\/li>\n<li><span class=\"a-list-item\">Great gifting option for music lovers or corporate gifting.<\/span><\/li>\n<\/ul>\n","protected":false},"excerpt":{"rendered":"<p>About this item COLOR-BROWN Specially designed for the lovers of music lovers. THE PAL HOUSE Miniature Musical Instruments Series like;<\/p>\n<p><a href=\"https:\/\/thegodsmusic.com\/store\/product\/pal-music-house-professional-two-piece-wooden-bongo-set-brown\/\" class=\"more-link\">Continue reading<span class=\"screen-reader-text\">PAL MUSIC HOUSE Professional Two Piece Wooden Bongo Set (Brown)<\/span><\/a><\/p>\n","protected":false},"featured_media":183,"comment_status":"closed","ping_status":"closed","template":"","meta":[],"product_cat":[19],"product_tag":[],"_links":{"self":[{"href":"https:\/\/thegodsmusic.com\/store\/wp-json\/wp\/v2\/product\/72"}],"collection":[{"href":"https:\/\/thegodsmusic.com\/store\/wp-json\/wp\/v2\/product"}],"about":[{"href":"https:\/\/thegodsmusic.com\/store\/wp-json\/wp\/v2\/types\/product"}],"replies":[{"embeddable":true,"href":"https:\/\/thegodsmusic.com\/store\/wp-json\/wp\/v2\/comments?post=72"}],"wp:featuredmedia":[{"embeddable":true,"href":"https:\/\/thegodsmusic.com\/store\/wp-json\/wp\/v2\/media\/183"}],"wp:attachment":[{"href":"https:\/\/thegodsmusic.com\/store\/wp-json\/wp\/v2\/media?parent=72"}],"wp:term":[{"taxonomy":"product_cat","embeddable":true,"href":"https:\/\/thegodsmusic.com\/store\/wp-json\/wp\/v2\/product_cat?post=72"},{"taxonomy":"product_tag","embeddable":true,"href":"https:\/\/thegodsmusic.com\/store\/wp-json\/wp\/v2\/product_tag?post=72"}],"curies":[{"name":"wp","href":"https:\/\/api.w.org\/{rel}","templated":true}]}}